{"id":1427,"date":"2021-10-28T08:35:20","date_gmt":"2021-10-28T08:35:20","guid":{"rendered":"https:\/\/turulojistik.com.tr\/contact\/"},"modified":"2025-08-10T16:59:53","modified_gmt":"2025-08-10T16:59:53","slug":"contact-us","status":"publish","type":"page","link":"https:\/\/turulojistik.com.tr\/en\/contact-us\/","title":{"rendered":"Contact"},"content":{"rendered":"\t\t<div data-elementor-type=\"wp-page\" data-elementor-id=\"1427\" class=\"elementor elementor-1427 elementor-69\" data-elementor-post-type=\"page\">\n\t\t\t\t\t\t<section class=\"elementor-section elementor-top-section elementor-element elementor-element-5db78cd2 thsn-col-stretched-none thsn-bg-color-over-image elementor-section-boxed elementor-section-height-default elementor-section-height-default\" data-id=\"5db78cd2\" data-element_type=\"section\" data-e-type=\"section\">\n\t\t\t\t\t\t<div class=\"elementor-container elementor-column-gap-no\">\n\t\t\t\t\t<div class=\"elementor-column elementor-col-33 elementor-top-column elementor-element elementor-element-5b66e30 thsn-bg-color-yes thsn-elementor-bg-color-secondary thsn-bg-color-over-image\" data-id=\"5b66e30\" data-element_type=\"column\" data-e-type=\"column\">\n\t\t\t<div class=\"elementor-widget-wrap elementor-element-populated\">\n\t\t\t\t\t\t<div class=\"elementor-element elementor-element-5c758f2d elementor-widget elementor-widget-thsn_icon_heading\" data-id=\"5c758f2d\" data-element_type=\"widget\" data-e-type=\"widget\" data-widget_type=\"thsn_icon_heading.default\">\n\t\t\t\t<div class=\"elementor-widget-container\">\n\t\t\t\t\t<div class=\"thsn-ihbox thsn-ihbox-style-15\">\r\n<div class=\"thsn-ihbox-box\">\r\n\t<div class=\"thsn-ihbox-icon\"><div class=\"thsn-ihbox-icon-wrapper\"><i class=\"thsn-logisto-icon thsn-logisto-icon-placeholder\"><\/i><\/div><\/div>\t\r\n\t<div class=\"thsn-ihbox-contents\">\t\r\n\t\t<h2 class=\"thsn-element-title\">\r\n\t\t\t\t\t\r\n\t\t\t\t\t\tAddress\r\n\t\t\t\t\t\r\n\t\t\t\t\t<\/h2>\r\n\t\t\t\t\t\r\n\t\t\t\t<div class=\"thsn-heading-desc\">Ihlamurkuyu Mah. G&uuml;m&uuml;&#351;suyu Cad.\nMeral Plaza No:5 K:9 34771\n&Uuml;mraniye &ndash; &#304;stanbul \/ T&uuml;rkiye<\/div>\t\t\t<\/div><!-- .thsn-ihbox-contents -->\r\n<\/div><\/div>\t\t\t\t<\/div>\n\t\t\t\t<\/div>\n\t\t\t\t\t<\/div>\n\t\t<\/div>\n\t\t\t\t<div class=\"elementor-column elementor-col-33 elementor-top-column elementor-element elementor-element-1c578733 thsn-bg-color-yes thsn-elementor-bg-color-secondary thsn-bg-color-over-image\" data-id=\"1c578733\" data-element_type=\"column\" data-e-type=\"column\">\n\t\t\t<div class=\"elementor-widget-wrap elementor-element-populated\">\n\t\t\t\t\t\t<div class=\"elementor-element elementor-element-54d70298 elementor-widget elementor-widget-thsn_icon_heading\" data-id=\"54d70298\" data-element_type=\"widget\" data-e-type=\"widget\" data-widget_type=\"thsn_icon_heading.default\">\n\t\t\t\t<div class=\"elementor-widget-container\">\n\t\t\t\t\t<div class=\"thsn-ihbox thsn-ihbox-style-15\">\r\n<div class=\"thsn-ihbox-box\">\r\n\t<div class=\"thsn-ihbox-icon\"><div class=\"thsn-ihbox-icon-wrapper\"><i class=\"thsn-logisto-icon thsn-logisto-icon-telephone\"><\/i><\/div><\/div>\t\r\n\t<div class=\"thsn-ihbox-contents\">\t\r\n\t\t<h2 class=\"thsn-element-title\">\r\n\t\t\t\t\t\r\n\t\t\t\t\t\tPhone\r\n\t\t\t\t\t\r\n\t\t\t\t\t<\/h2>\r\n\t\t\t\t\t\r\n\t\t\t\t<div class=\"thsn-heading-desc\">+90 216 680 00 20 <br>\n+90 216 680 00 21 <br>\n+90 216 680 00 22<\/div>\t\t\t<\/div><!-- .thsn-ihbox-contents -->\r\n<\/div><\/div>\t\t\t\t<\/div>\n\t\t\t\t<\/div>\n\t\t\t\t\t<\/div>\n\t\t<\/div>\n\t\t\t\t<div class=\"elementor-column elementor-col-33 elementor-top-column elementor-element elementor-element-2a4f3a7b thsn-bg-color-yes thsn-elementor-bg-color-secondary thsn-bg-color-over-image\" data-id=\"2a4f3a7b\" data-element_type=\"column\" data-e-type=\"column\">\n\t\t\t<div class=\"elementor-widget-wrap elementor-element-populated\">\n\t\t\t\t\t\t<div class=\"elementor-element elementor-element-5fc0bc97 elementor-widget elementor-widget-thsn_icon_heading\" data-id=\"5fc0bc97\" data-element_type=\"widget\" data-e-type=\"widget\" data-widget_type=\"thsn_icon_heading.default\">\n\t\t\t\t<div class=\"elementor-widget-container\">\n\t\t\t\t\t<div class=\"thsn-ihbox thsn-ihbox-style-15\">\r\n<div class=\"thsn-ihbox-box\">\r\n\t<div class=\"thsn-ihbox-icon\"><div class=\"thsn-ihbox-icon-wrapper\"><i class=\"thsn-logisto-icon thsn-logisto-icon-mail-send\"><\/i><\/div><\/div>\t\r\n\t<div class=\"thsn-ihbox-contents\">\t\r\n\t\t<h2 class=\"thsn-element-title\">\r\n\t\t\t\t\t\r\n\t\t\t\t\t\tEmail\r\n\t\t\t\t\t\r\n\t\t\t\t\t<\/h2>\r\n\t\t\t\t\t\r\n\t\t\t\t<div class=\"thsn-heading-desc\">info@turulojistik.com.tr<\/div>\t\t\t<\/div><!-- .thsn-ihbox-contents -->\r\n<\/div><\/div>\t\t\t\t<\/div>\n\t\t\t\t<\/div>\n\t\t\t\t\t<\/div>\n\t\t<\/div>\n\t\t\t\t\t<\/div>\n\t\t<\/section>\n\t\t\t\t<section class=\"elementor-section elementor-top-section elementor-element elementor-element-3085e5d3 thsn-col-stretched-none thsn-bg-color-over-image elementor-section-boxed elementor-section-height-default elementor-section-height-default\" data-id=\"3085e5d3\" data-element_type=\"section\" data-e-type=\"section\">\n\t\t\t\t\t\t<div class=\"elementor-container elementor-column-gap-no\">\n\t\t\t\t\t<div class=\"elementor-column elementor-col-100 elementor-top-column elementor-element elementor-element-26d09cd9 thsn-bg-color-over-image\" data-id=\"26d09cd9\" data-element_type=\"column\" data-e-type=\"column\">\n\t\t\t<div class=\"elementor-widget-wrap elementor-element-populated\">\n\t\t\t\t\t\t<div class=\"elementor-element elementor-element-70b100f8 thsn-align-center elementor-widget elementor-widget-thsn_heading\" data-id=\"70b100f8\" data-element_type=\"widget\" data-e-type=\"widget\" data-widget_type=\"thsn_heading.default\">\n\t\t\t\t<div class=\"elementor-widget-container\">\n\t\t\t\t\t\t<div class=\"thsn-heading-subheading center-align thsn-reverse-heading-yes\"><h2 class=\"thsn-element-title\">\r\n\t\t\t\r\n\t\t\t\tContact <span class=\"thsn-span-sec\">Form<\/span>\r\n\t\t\t\r\n\t\t\t<\/h2>\r\n\t\t<\/div>\t\t\t\t<\/div>\n\t\t\t\t<\/div>\n\t\t\t\t<section class=\"elementor-section elementor-inner-section elementor-element elementor-element-eb41001 thsn-col-stretched-none thsn-bg-color-over-image elementor-section-boxed elementor-section-height-default elementor-section-height-default\" data-id=\"eb41001\" data-element_type=\"section\" data-e-type=\"section\">\n\t\t\t\t\t\t<div class=\"elementor-container elementor-column-gap-no\">\n\t\t\t\t\t<div class=\"elementor-column elementor-col-100 elementor-inner-column elementor-element elementor-element-50dd2178 thsn-bg-color-yes thsn-elementor-bg-color-light thsn-bg-color-over-image\" data-id=\"50dd2178\" data-element_type=\"column\" data-e-type=\"column\">\n\t\t\t<div class=\"elementor-widget-wrap elementor-element-populated\">\n\t\t\t\t\t\t<div class=\"elementor-element elementor-element-595efb3b elementor-widget elementor-widget-shortcode\" data-id=\"595efb3b\" data-element_type=\"widget\" data-e-type=\"widget\" data-widget_type=\"shortcode.default\">\n\t\t\t\t<div class=\"elementor-widget-container\">\n\t\t\t\t\t\t\t<div class=\"elementor-shortcode\">\n<div class=\"wpcf7 no-js\" id=\"wpcf7-f1453-o1\" lang=\"en-US\" dir=\"ltr\" data-wpcf7-id=\"1453\">\n<div class=\"screen-reader-response\"><p role=\"status\" aria-live=\"polite\" aria-atomic=\"true\"><\/p> <ul><\/ul><\/div>\n<form action=\"\/en\/wp-json\/wp\/v2\/pages\/1427#wpcf7-f1453-o1\" method=\"post\" class=\"wpcf7-form init\" aria-label=\"Contact form\" novalidate=\"novalidate\" data-status=\"init\">\n<fieldset class=\"hidden-fields-container\"><input type=\"hidden\" name=\"_wpcf7\" value=\"1453\"><input type=\"hidden\" name=\"_wpcf7_version\" value=\"6.1.5\"><input type=\"hidden\" name=\"_wpcf7_locale\" value=\"en_US\"><input type=\"hidden\" name=\"_wpcf7_unit_tag\" value=\"wpcf7-f1453-o1\"><input type=\"hidden\" name=\"_wpcf7_container_post\" value=\"0\"><input type=\"hidden\" name=\"_wpcf7_posted_data_hash\" value=\"\">\n<\/fieldset>\n<div class=\"main-form thsn-form-style-2\">\n\t<div class=\"row\">\n\t\t<div class=\"col-sm-6\">\n\t\t\t<div class=\"input-group\">\n\t\t\t\t<p><span class=\"wpcf7-form-control-wrap\" data-name=\"your-name\"><input size=\"40\" maxlength=\"400\" class=\"wpcf7-form-control wpcf7-text\" aria-invalid=\"false\" placeholder=\"Name &amp; Surname\" value=\"\" type=\"text\" name=\"your-name\"><\/span>\n\t\t\t\t<\/p>\n\t\t\t<\/div>\n\t\t<\/div>\n\t\t<div class=\"col-sm-6\">\n\t\t\t<div class=\"input-group\">\n\t\t\t\t<p><span class=\"wpcf7-form-control-wrap\" data-name=\"your-email\"><input size=\"40\" maxlength=\"400\" class=\"wpcf7-form-control wpcf7-email wpcf7-validates-as-required wpcf7-text wpcf7-validates-as-email\" aria-required=\"true\" aria-invalid=\"false\" placeholder=\"E-Mail Address\" value=\"\" type=\"email\" name=\"your-email\"><\/span>\n\t\t\t\t<\/p>\n\t\t\t<\/div>\n\t\t<\/div>\n\t\t<div class=\"col-sm-6\">\n\t\t\t<div class=\"input-group\">\n\t\t\t\t<p><span class=\"wpcf7-form-control-wrap\" data-name=\"your-company\"><input size=\"40\" maxlength=\"400\" class=\"wpcf7-form-control wpcf7-text\" aria-invalid=\"false\" placeholder=\"Company Name\" value=\"\" type=\"text\" name=\"your-company\"><\/span>\n\t\t\t\t<\/p>\n\t\t\t<\/div>\n\t\t<\/div>\n\t\t<div class=\"col-sm-6\">\n\t\t\t<div class=\"input-group\">\n\t\t\t\t<p><span class=\"wpcf7-form-control-wrap\" data-name=\"SelectService\"><select class=\"wpcf7-form-control wpcf7-select\" aria-invalid=\"false\" name=\"SelectService\"><option value=\"Transportation\">Transportation<\/option><option value=\"Warehouse Management\">Warehouse Management<\/option><option value=\"Customs clearance\">Customs clearance<\/option><option value=\"Other\">Other<\/option><\/select><\/span>\n\t\t\t\t<\/p>\n\t\t\t<\/div>\n\t\t<\/div>\n\t\t<div class=\"col-sm-12\">\n\t\t\t<div class=\"input-group\">\n\t\t\t\t<div class=\"input-group\">\n\t\t\t\t\t<p><span class=\"wpcf7-form-control-wrap\" data-name=\"telefon\"><input size=\"40\" maxlength=\"400\" class=\"wpcf7-form-control wpcf7-text\" aria-invalid=\"false\" placeholder=\"Your Phone Number\" value=\"\" type=\"text\" name=\"telefon\"><\/span>\n\t\t\t\t\t<\/p>\n\t\t\t\t<\/div>\n\t\t\t<\/div>\n\t\t<\/div>\n\t\t<div class=\"col-sm-12\">\n\t\t\t<div class=\"input-group\">\n\t\t\t\t<p><span class=\"wpcf7-form-control-wrap\" data-name=\"message\"><textarea cols=\"40\" rows=\"5\" maxlength=\"2000\" class=\"wpcf7-form-control wpcf7-textarea\" aria-invalid=\"false\" placeholder=\"Your Message\" name=\"message\"><\/textarea><\/span>\n\t\t\t\t<\/p>\n\t\t\t<\/div>\n\t\t<\/div>\n\t\t<div class=\"col-lg-6 col-md-12\">\n\t\t\t<div class=\"input-group input-button\">\n\t\t\t\t<p><button id=\"submit\" class=\"wpcf7-form-control wpcf7-submit\"><span>Submit<\/span><\/button>\n\t\t\t\t<\/p>\n\t\t\t<\/div>\n\t\t<\/div>\n\t<\/div>\n<\/div><div class=\"wpcf7-response-output\" aria-hidden=\"true\"><\/div>\n<\/form>\n<\/div>\n<\/div>\n\t\t\t\t\t\t<\/div>\n\t\t\t\t<\/div>\n\t\t\t\t\t<\/div>\n\t\t<\/div>\n\t\t\t\t\t<\/div>\n\t\t<\/section>\n\t\t\t\t\t<\/div>\n\t\t<\/div>\n\t\t\t\t\t<\/div>\n\t\t<\/section>\n\t\t\t\t<section class=\"elementor-section elementor-top-section elementor-element elementor-element-ad87d9a thsn-col-stretched-none thsn-bg-color-over-image elementor-section-boxed elementor-section-height-default elementor-section-height-default\" data-id=\"ad87d9a\" data-element_type=\"section\" data-e-type=\"section\">\n\t\t\t\t\t\t<div class=\"elementor-container elementor-column-gap-no\">\n\t\t\t\t\t<div class=\"elementor-column elementor-col-100 elementor-top-column elementor-element elementor-element-f0c70d3 thsn-bg-color-over-image\" data-id=\"f0c70d3\" data-element_type=\"column\" data-e-type=\"column\">\n\t\t\t<div class=\"elementor-widget-wrap elementor-element-populated\">\n\t\t\t\t\t\t<div class=\"elementor-element elementor-element-802a232 elementor-widget elementor-widget-google_maps\" data-id=\"802a232\" data-element_type=\"widget\" data-e-type=\"widget\" data-widget_type=\"google_maps.default\">\n\t\t\t\t<div class=\"elementor-widget-container\">\n\t\t\t\t\t\t\t<div class=\"elementor-custom-embed\">\n\t\t\t<iframe loading=\"lazy\" src=\"https:\/\/maps.google.com\/maps?q=Ihlamurkuyu%20Mah.%20G%C3%BCm%C3%BC%C5%9Fsuyu%20Cad.%20Meral%20Plaza%20No%3A5%20K%3A9%2034771%20%C3%9Cmraniye%20%E2%80%93%20%C4%B0stanbul%20%2F%20T%C3%BCrkiye&amp;t=m&amp;z=10&amp;output=embed&amp;iwloc=near\" title=\"Ihlamurkuyu Mah. G&uuml;m&uuml;&#351;suyu Cad. Meral Plaza No:5 K:9 34771 &Uuml;mraniye &ndash; &#304;stanbul \/ T&uuml;rkiye\" aria-label=\"Ihlamurkuyu Mah. G&uuml;m&uuml;&#351;suyu Cad. Meral Plaza No:5 K:9 34771 &Uuml;mraniye &ndash; &#304;stanbul \/ T&uuml;rkiye\"><\/iframe>\n\t\t<\/div>\n\t\t\t\t\t\t<\/div>\n\t\t\t\t<\/div>\n\t\t\t\t\t<\/div>\n\t\t<\/div>\n\t\t\t\t\t<\/div>\n\t\t<\/section>\n\t\t\t\t<section class=\"elementor-section elementor-top-section elementor-element elementor-element-6e07b1f1 elementor-section-content-middle elementor-hidden-desktop elementor-hidden-tablet elementor-hidden-mobile thsn-col-stretched-none thsn-bg-color-over-image elementor-section-boxed elementor-section-height-default elementor-section-height-default\" data-id=\"6e07b1f1\" data-element_type=\"section\" data-e-type=\"section\">\n\t\t\t\t\t\t<div class=\"elementor-container elementor-column-gap-no\">\n\t\t\t\t\t<div class=\"elementor-column elementor-col-50 elementor-top-column elementor-element elementor-element-23cf63c0 thsn-bg-color-over-image\" data-id=\"23cf63c0\" data-element_type=\"column\" data-e-type=\"column\">\n\t\t\t<div class=\"elementor-widget-wrap elementor-element-populated\">\n\t\t\t\t\t\t<div class=\"elementor-element elementor-element-1207c914 thsn-align-left elementor-widget elementor-widget-thsn_custom_heading\" data-id=\"1207c914\" data-element_type=\"widget\" data-e-type=\"widget\" data-widget_type=\"thsn_custom_heading.default\">\n\t\t\t\t<div class=\"elementor-widget-container\">\n\t\t\t\t\t\t<div class=\"thsn-custom-heading left-align\"><h6 class=\"thsn-element-title\">\r\n\t\t\t\r\n\t\t\t\tTrusted by the world&rsquo;s best organizations:\r\n\t\t\t\r\n\t\t\t<\/h6>\r\n\t\t<\/div>\t\t\t\t<\/div>\n\t\t\t\t<\/div>\n\t\t\t\t\t<\/div>\n\t\t<\/div>\n\t\t\t\t<div class=\"elementor-column elementor-col-50 elementor-top-column elementor-element elementor-element-2f936e99 thsn-bg-color-over-image\" data-id=\"2f936e99\" data-element_type=\"column\" data-e-type=\"column\">\n\t\t\t<div class=\"elementor-widget-wrap elementor-element-populated\">\n\t\t\t\t\t\t<div class=\"elementor-element elementor-element-590d72e0 thsn-align-left elementor-widget elementor-widget-thsn_client_element\" data-id=\"590d72e0\" data-element_type=\"widget\" data-e-type=\"widget\" data-widget_type=\"thsn_client_element.default\">\n\t\t\t\t<div class=\"elementor-widget-container\">\n\t\t\t\t\t\r\n\t\t<div class=\"themesion-element themesion-element-client thsn-element-client-style-2 themesion-element-viewtype-carousel themesion-gap-50px thsn-infinite-scroll-no thsn-infinite-scroll-button-no\" data-cpt=\"client\" data-totalpagination=\"1\" data-style=\"2\" data-show=\"6\" data-columns=\"5\" data-loop=\"false\" data-autoplay=\"false\" data-center=\"false\" data-nav=\"false\" data-dots=\"false\" data-autoplayspeed=\"1000\" data-margin=\"50px\"><div class=\"themesion-element-inner\"><div class=\"thsn-infinite-scroll-data\">{\"cpt\":\"client\",\"style\":\"2\",\"columns\":\"5\",\"show\":6,\"from_category\":[\"grey\"],\"order\":\"ASC\",\"orderby\":\"none\"}<\/div>\r\n\t\t\r\n\t\t\r\n\t\t<\/div><!-- .themesion-element-inner -->   <\/div><!-- .themesion-element -->  \r\n\t    \t\t\t\t<\/div>\n\t\t\t\t<\/div>\n\t\t\t\t\t<\/div>\n\t\t<\/div>\n\t\t\t\t\t<\/div>\n\t\t<\/section>\n\t\t\t\t<\/div>\n\t\t","protected":false},"excerpt":{"rendered":"<p>Address Ihlamurkuyu Mah. G\u00fcm\u00fc\u015fsuyu Cad. Meral Plaza No:5 K:9 34771 \u00dcmraniye \u2013 \u0130stanbul \/ T\u00fcrkiye Phone +90 216 680 00 20 +90 216 680 00 21 +90 216 680 00 22 Email info@turulojistik.com.tr Contact Form Trusted by the world\u2019s best organizations: {&#8220;cpt&#8221;:&#8221;client&#8221;,&#8221;style&#8221;:&#8221;2&#8243;,&#8221;columns&#8221;:&#8221;5&#8243;,&#8221;show&#8221;:6,&#8221;from_category&#8221;:[&#8220;grey&#8221;],&#8221;order&#8221;:&#8221;ASC&#8221;,&#8221;orderby&#8221;:&#8221;none&#8221;} Client12 Client11 Client10 Client09 Client08 Client07<\/p>\n","protected":false},"author":1,"featured_media":0,"parent":0,"menu_order":0,"comment_status":"closed","ping_status":"closed","template":"","meta":{"_acf_changed":false,"inline_featured_image":false,"footnotes":""},"class_list":["post-1427","page","type-page","status-publish","hentry"],"acf":[],"yoast_head":"<!-- This site is optimized with the Yoast SEO plugin v27.0 - https:\/\/yoast.com\/product\/yoast-seo-wordpress\/ -->\n<title>Contact | Turu Logistics<\/title>\n<meta name=\"robots\" content=\"index, follow, max-snippet:-1, max-image-preview:large, max-video-preview:-1\" \/>\n<link rel=\"canonical\" href=\"https:\/\/turulojistik.com.tr\/en\/contact-us\/\" \/>\n<meta property=\"og:locale\" content=\"en_US\" \/>\n<meta property=\"og:type\" content=\"article\" \/>\n<meta property=\"og:title\" content=\"Contact | Turu Logistics\" \/>\n<meta property=\"og:description\" content=\"Address Ihlamurkuyu Mah. G\u00fcm\u00fc\u015fsuyu Cad. Meral Plaza No:5 K:9 34771 \u00dcmraniye \u2013 \u0130stanbul \/ T\u00fcrkiye Phone +90 216 680 00 20 +90 216 680 00 21 +90 216 680 00 22 Email info@turulojistik.com.tr Contact Form Trusted by the world\u2019s best organizations: {&#8220;cpt&#8221;:&#8221;client&#8221;,&#8221;style&#8221;:&#8221;2&#8243;,&#8221;columns&#8221;:&#8221;5&#8243;,&#8221;show&#8221;:6,&#8221;from_category&#8221;:[&#8220;grey&#8221;],&#8221;order&#8221;:&#8221;ASC&#8221;,&#8221;orderby&#8221;:&#8221;none&#8221;} Client12 Client11 Client10 Client09 Client08 Client07\" \/>\n<meta property=\"og:url\" content=\"https:\/\/turulojistik.com.tr\/en\/contact-us\/\" \/>\n<meta property=\"og:site_name\" content=\"Turu Logistics\" \/>\n<meta property=\"article:modified_time\" content=\"2025-08-10T16:59:53+00:00\" \/>\n<meta property=\"og:image\" content=\"https:\/\/turulojistik.com.tr\/wp-content\/uploads\/2021\/06\/client-logo-grey-01.png\" \/>\n<meta name=\"twitter:card\" content=\"summary_large_image\" \/>\n<meta name=\"twitter:label1\" content=\"Est. reading time\" \/>\n\t<meta name=\"twitter:data1\" content=\"1 minute\" \/>\n<script type=\"application\/ld+json\" class=\"yoast-schema-graph\">{\"@context\":\"https:\/\/schema.org\",\"@graph\":[{\"@type\":\"WebPage\",\"@id\":\"https:\/\/turulojistik.com.tr\/en\/contact-us\/\",\"url\":\"https:\/\/turulojistik.com.tr\/en\/contact-us\/\",\"name\":\"Contact | Turu Logistics\",\"isPartOf\":{\"@id\":\"https:\/\/turulojistik.com.tr\/en\/#website\"},\"primaryImageOfPage\":{\"@id\":\"https:\/\/turulojistik.com.tr\/en\/contact-us\/#primaryimage\"},\"image\":{\"@id\":\"https:\/\/turulojistik.com.tr\/en\/contact-us\/#primaryimage\"},\"thumbnailUrl\":\"https:\/\/turulojistik.com.tr\/wp-content\/uploads\/2021\/06\/client-logo-grey-01.png\",\"datePublished\":\"2021-10-28T08:35:20+00:00\",\"dateModified\":\"2025-08-10T16:59:53+00:00\",\"breadcrumb\":{\"@id\":\"https:\/\/turulojistik.com.tr\/en\/contact-us\/#breadcrumb\"},\"inLanguage\":\"en-US\",\"potentialAction\":[{\"@type\":\"ReadAction\",\"target\":[\"https:\/\/turulojistik.com.tr\/en\/contact-us\/\"]}]},{\"@type\":\"ImageObject\",\"inLanguage\":\"en-US\",\"@id\":\"https:\/\/turulojistik.com.tr\/en\/contact-us\/#primaryimage\",\"url\":\"https:\/\/turulojistik.com.tr\/wp-content\/uploads\/2021\/06\/client-logo-grey-01.png\",\"contentUrl\":\"https:\/\/turulojistik.com.tr\/wp-content\/uploads\/2021\/06\/client-logo-grey-01.png\"},{\"@type\":\"BreadcrumbList\",\"@id\":\"https:\/\/turulojistik.com.tr\/en\/contact-us\/#breadcrumb\",\"itemListElement\":[{\"@type\":\"ListItem\",\"position\":1,\"name\":\"Anasayfa\",\"item\":\"https:\/\/turulojistik.com.tr\/en\/\"},{\"@type\":\"ListItem\",\"position\":2,\"name\":\"Contact\"}]},{\"@type\":\"WebSite\",\"@id\":\"https:\/\/turulojistik.com.tr\/en\/#website\",\"url\":\"https:\/\/turulojistik.com.tr\/en\/\",\"name\":\"Turu Logistics\",\"description\":\"\",\"publisher\":{\"@id\":\"https:\/\/turulojistik.com.tr\/en\/#organization\"},\"potentialAction\":[{\"@type\":\"SearchAction\",\"target\":{\"@type\":\"EntryPoint\",\"urlTemplate\":\"https:\/\/turulojistik.com.tr\/en\/?s={search_term_string}\"},\"query-input\":{\"@type\":\"PropertyValueSpecification\",\"valueRequired\":true,\"valueName\":\"search_term_string\"}}],\"inLanguage\":\"en-US\"},{\"@type\":\"Organization\",\"@id\":\"https:\/\/turulojistik.com.tr\/en\/#organization\",\"name\":\"Turu Logistics\",\"url\":\"https:\/\/turulojistik.com.tr\/en\/\",\"logo\":{\"@type\":\"ImageObject\",\"inLanguage\":\"en-US\",\"@id\":\"https:\/\/turulojistik.com.tr\/en\/#\/schema\/logo\/image\/\",\"url\":\"https:\/\/turulojistik.com.tr\/wp-content\/uploads\/2023\/06\/TuruLojistik_Logo_V2_Original.png\",\"contentUrl\":\"https:\/\/turulojistik.com.tr\/wp-content\/uploads\/2023\/06\/TuruLojistik_Logo_V2_Original.png\",\"width\":1600,\"height\":725,\"caption\":\"Turu Logistics\"},\"image\":{\"@id\":\"https:\/\/turulojistik.com.tr\/en\/#\/schema\/logo\/image\/\"}}]}<\/script>\n<!-- \/ Yoast SEO plugin. -->","yoast_head_json":{"title":"Contact | Turu Logistics","robots":{"index":"index","follow":"follow","max-snippet":"max-snippet:-1","max-image-preview":"max-image-preview:large","max-video-preview":"max-video-preview:-1"},"canonical":"https:\/\/turulojistik.com.tr\/en\/contact-us\/","og_locale":"en_US","og_type":"article","og_title":"Contact | Turu Logistics","og_description":"Address Ihlamurkuyu Mah. G\u00fcm\u00fc\u015fsuyu Cad. Meral Plaza No:5 K:9 34771 \u00dcmraniye \u2013 \u0130stanbul \/ T\u00fcrkiye Phone +90 216 680 00 20 +90 216 680 00 21 +90 216 680 00 22 Email info@turulojistik.com.tr Contact Form Trusted by the world\u2019s best organizations: {&#8220;cpt&#8221;:&#8221;client&#8221;,&#8221;style&#8221;:&#8221;2&#8243;,&#8221;columns&#8221;:&#8221;5&#8243;,&#8221;show&#8221;:6,&#8221;from_category&#8221;:[&#8220;grey&#8221;],&#8221;order&#8221;:&#8221;ASC&#8221;,&#8221;orderby&#8221;:&#8221;none&#8221;} Client12 Client11 Client10 Client09 Client08 Client07","og_url":"https:\/\/turulojistik.com.tr\/en\/contact-us\/","og_site_name":"Turu Logistics","article_modified_time":"2025-08-10T16:59:53+00:00","og_image":[{"url":"https:\/\/turulojistik.com.tr\/wp-content\/uploads\/2021\/06\/client-logo-grey-01.png","type":"","width":"","height":""}],"twitter_card":"summary_large_image","twitter_misc":{"Est. reading time":"1 minute"},"schema":{"@context":"https:\/\/schema.org","@graph":[{"@type":"WebPage","@id":"https:\/\/turulojistik.com.tr\/en\/contact-us\/","url":"https:\/\/turulojistik.com.tr\/en\/contact-us\/","name":"Contact | Turu Logistics","isPartOf":{"@id":"https:\/\/turulojistik.com.tr\/en\/#website"},"primaryImageOfPage":{"@id":"https:\/\/turulojistik.com.tr\/en\/contact-us\/#primaryimage"},"image":{"@id":"https:\/\/turulojistik.com.tr\/en\/contact-us\/#primaryimage"},"thumbnailUrl":"https:\/\/turulojistik.com.tr\/wp-content\/uploads\/2021\/06\/client-logo-grey-01.png","datePublished":"2021-10-28T08:35:20+00:00","dateModified":"2025-08-10T16:59:53+00:00","breadcrumb":{"@id":"https:\/\/turulojistik.com.tr\/en\/contact-us\/#breadcrumb"},"inLanguage":"en-US","potentialAction":[{"@type":"ReadAction","target":["https:\/\/turulojistik.com.tr\/en\/contact-us\/"]}]},{"@type":"ImageObject","inLanguage":"en-US","@id":"https:\/\/turulojistik.com.tr\/en\/contact-us\/#primaryimage","url":"https:\/\/turulojistik.com.tr\/wp-content\/uploads\/2021\/06\/client-logo-grey-01.png","contentUrl":"https:\/\/turulojistik.com.tr\/wp-content\/uploads\/2021\/06\/client-logo-grey-01.png"},{"@type":"BreadcrumbList","@id":"https:\/\/turulojistik.com.tr\/en\/contact-us\/#breadcrumb","itemListElement":[{"@type":"ListItem","position":1,"name":"Anasayfa","item":"https:\/\/turulojistik.com.tr\/en\/"},{"@type":"ListItem","position":2,"name":"Contact"}]},{"@type":"WebSite","@id":"https:\/\/turulojistik.com.tr\/en\/#website","url":"https:\/\/turulojistik.com.tr\/en\/","name":"Turu Logistics","description":"","publisher":{"@id":"https:\/\/turulojistik.com.tr\/en\/#organization"},"potentialAction":[{"@type":"SearchAction","target":{"@type":"EntryPoint","urlTemplate":"https:\/\/turulojistik.com.tr\/en\/?s={search_term_string}"},"query-input":{"@type":"PropertyValueSpecification","valueRequired":true,"valueName":"search_term_string"}}],"inLanguage":"en-US"},{"@type":"Organization","@id":"https:\/\/turulojistik.com.tr\/en\/#organization","name":"Turu Logistics","url":"https:\/\/turulojistik.com.tr\/en\/","logo":{"@type":"ImageObject","inLanguage":"en-US","@id":"https:\/\/turulojistik.com.tr\/en\/#\/schema\/logo\/image\/","url":"https:\/\/turulojistik.com.tr\/wp-content\/uploads\/2023\/06\/TuruLojistik_Logo_V2_Original.png","contentUrl":"https:\/\/turulojistik.com.tr\/wp-content\/uploads\/2023\/06\/TuruLojistik_Logo_V2_Original.png","width":1600,"height":725,"caption":"Turu Logistics"},"image":{"@id":"https:\/\/turulojistik.com.tr\/en\/#\/schema\/logo\/image\/"}}]}},"_links":{"self":[{"href":"https:\/\/turulojistik.com.tr\/en\/wp-json\/wp\/v2\/pages\/1427","targetHints":{"allow":["GET"]}}],"collection":[{"href":"https:\/\/turulojistik.com.tr\/en\/wp-json\/wp\/v2\/pages"}],"about":[{"href":"https:\/\/turulojistik.com.tr\/en\/wp-json\/wp\/v2\/types\/page"}],"author":[{"embeddable":true,"href":"https:\/\/turulojistik.com.tr\/en\/wp-json\/wp\/v2\/users\/1"}],"replies":[{"embeddable":true,"href":"https:\/\/turulojistik.com.tr\/en\/wp-json\/wp\/v2\/comments?post=1427"}],"version-history":[{"count":0,"href":"https:\/\/turulojistik.com.tr\/en\/wp-json\/wp\/v2\/pages\/1427\/revisions"}],"wp:attachment":[{"href":"https:\/\/turulojistik.com.tr\/en\/wp-json\/wp\/v2\/media?parent=1427"}],"curies":[{"name":"wp","href":"https:\/\/api.w.org\/{rel}","templated":true}]}}